{"id":2808,"date":"2015-03-20T22:02:20","date_gmt":"2015-03-20T22:02:20","guid":{"rendered":"http:\/\/rockythemes.com\/creativo\/?page_id=2808"},"modified":"2026-02-04T15:44:56","modified_gmt":"2026-02-04T14:44:56","slug":"treuhandburo-in-zurich-oerlikon-fur-unternehmen-und-privatpersonen","status":"publish","type":"page","link":"https:\/\/www.avisora.ch\/treuhand\/","title":{"rendered":"Buchhaltung, Lohnadministration und Steuern"},"content":{"rendered":"<div class=\"wpb-content-wrapper\">[vc_row][vc_column][rev_slider_vc alias=&#8220;full_screen&#8220;][\/vc_column][\/vc_row][vc_row css=&#8220;.vc_custom_1546101214637{padding-top: 5% !important;}&#8220;][vc_column width=&#8220;1\/2&#8243;][vc_custom_heading text=&#8220;F\u00fcr Unternehmen&#8220; font_container=&#8220;tag:h2|font_size:30|text_align:left|color:%233f3f3f&#8220; use_theme_fonts=&#8220;yes&#8220;][vc_custom_heading text=&#8220;Der Fokus, Ihre Ressource. Das Unternehmen von heute fokussiert sich auf seine Kernkompetenzen und nimmt Dienstleistungen von kompetenten Partner in Anspruch.&#8220; font_container=&#8220;tag:p|font_size:18|text_align:left|color:%234c4c4c|line_height:1.5&#8243; use_theme_fonts=&#8220;yes&#8220;][vc_single_image image=&#8220;4309&#8243; img_size=&#8220;large&#8220; css=&#8220;.vc_custom_1544017048047{padding-bottom: 10% !important;}&#8220;][\/vc_column][vc_column width=&#8220;1\/4&#8243;]<div class=\"flip-container flip_box_1 vertical  \" ><div class=\"flipper\"><div class=\"front\" style=\"background-color:#ebf0f5;font-size:14px;border-color:#ebf0f5;\"><div class=\"front_inner\"><i class=\"fa fa-adjust\" style=\"color:#075791;\"><\/i><h2 style= \"font-size: 20px;\">Finanzbuchhaltung<\/h2><\/div><\/div><a href=\"https:\/\/www.avisora.ch\/treuhand\/treuhaender-fuer-unternehmen\/#finanzbuchhaltung\" target=\"_self\" class=\"flip_box_link\"><div class=\"back\" style=\"background-color: #075791;color:#f2f2f2;border-color:#075791;\"><div class=\"back_inner\"><h3 style= \"color:#ffffff;\">Effizient dank Automatisierungsl\u00f6sungen: Bei uns profitieren Sie von den neusten Entwicklungen in Sachen Automatisierung und Digitalisierung aus Z\u00fcrich und Umgebung.<\/h3><\/div><\/div><\/a><\/div><\/div><div class=\"flip-container flip_box_2 vertical  \" ><div class=\"flipper\"><div class=\"front\" style=\"background-color:#ebf0f5;font-size:14px;border-color:#f2f2f2;\"><div class=\"front_inner\"><i class=\"fa fa-adjust\" style=\"color:#075791;\"><\/i><h2 style= \"font-size: 20px;\">Steuern<\/h2><\/div><\/div><a href=\"https:\/\/www.avisora.ch\/treuhand\/treuhaender-fuer-unternehmen\/#steuern\" target=\"_self\" class=\"flip_box_link\"><div class=\"back\" style=\"background-color: #075791;color:#f2f2f2;border-color:#075791;\"><div class=\"back_inner\"><h3 style= \"color:#ffffff;\">Vorausschauend planend, rechtsverbindlich umgesetzt, langfristig optimiert: Von der Grundst\u00fcckgewinnsteuer bis hin zur Umstrukturierung -&gt; kompetente Steuerberatung aus Z\u00fcrich-Oerlikon von eidg. diplomierten Steuerexperten erbracht<\/h3><\/div><\/div><\/a><\/div><\/div>[\/vc_column][vc_column width=&#8220;1\/4&#8243;]<div class=\"flip-container flip_box_3 vertical  \" ><div class=\"flipper\"><div class=\"front\" style=\"background-color:#ebf0f5;font-size:14px;border-color:#ebf0f5;\"><div class=\"front_inner\"><i class=\"fa fa-adjust\" style=\"color:#075791;\"><\/i><h2 style= \"font-size: 20px;\">Lohnbuchhaltung<\/h2><\/div><\/div><a href=\"https:\/\/www.avisora.ch\/treuhand\/treuhaender-fuer-unternehmen\/#personalbuchhaltung\" target=\"_self\" class=\"flip_box_link\"><div class=\"back\" style=\"background-color: #075791;color:#f2f2f2;border-color:#075791;\"><div class=\"back_inner\"><h3 style= \"color:#ffffff;\">Kompetent durch Ausbildung: Von der F\u00fchrung des Payrolls bis hin zur Ausarbeitung des Spesenreglements -&gt; Ihr Payroll-Experte in Z\u00fcrich. F\u00fcr parit\u00e4tische Kommissionen bieten wir zudem Kontrollen von Gesamtarbeitsvertr\u00e4gen (GAV) an.<\/h3><\/div><\/div><\/a><\/div><\/div><div class=\"flip-container flip_box_4 vertical  \" ><div class=\"flipper\"><div class=\"front\" style=\"background-color:#ebf0f5;font-size:14px;border-color:#f2f2f2;\"><div class=\"front_inner\"><i class=\"fa fa-adjust\" style=\"color:#075791;\"><\/i><h2 style= \"font-size: 20px;\">Jahresabschluss<\/h2><\/div><\/div><a href=\"https:\/\/www.avisora.ch\/treuhand\/treuhaender-fuer-unternehmen\/#jahresabschluss\" target=\"_self\" class=\"flip_box_link\"><div class=\"back\" style=\"background-color: #075791;color:#f2f2f2;border-color:#075791;\"><div class=\"back_inner\"><h3 style= \"color:#ffffff;\">Handelsrechtskonform und verst\u00e4ndlich: Ihr Accountant in Z\u00fcrich.<\/h3><\/div><\/div><\/a><\/div><\/div>[\/vc_column][\/vc_row][vc_row css=&#8220;.vc_custom_1541606452066{padding-top: 5% !important;}&#8220;][vc_column width=&#8220;1\/4&#8243; offset=&#8220;vc_hidden-sm vc_hidden-xs&#8220;]<div class=\"flip-container flip_box_5 vertical  \" ><div class=\"flipper\"><div class=\"front\" style=\"background-color:#ebf0f5;font-size:14px;border-color:#ebf0f5;\"><div class=\"front_inner\"><i class=\"fa fa-adjust\" style=\"color:#075791;\"><\/i><h2 style= \"font-size: 20px;\">Firmengr\u00fcndung<\/h2><\/div><\/div><a href=\"https:\/\/www.avisora.ch\/treuhand\/treuhaender-fuer-startups\/#firmengr\u00fcndung\" target=\"_self\" class=\"flip_box_link\"><div class=\"back\" style=\"background-color: #075791;color:#f2f2f2;border-color:#075791;\"><div class=\"back_inner\"><h3 style= \"color:#ffffff;\">Auf Ihre Bed\u00fcrfnisse zugeschnittene L\u00f6sungen, individuell und effizient umgesetzt: Treuhand und Steuerberatung Z\u00fcrich, kompetent, effizient, digital, das sind wir, avisora.<\/h3><\/div><\/div><\/a><\/div><\/div><div class=\"flip-container flip_box_6 vertical  \" ><div class=\"flipper\"><div class=\"front\" style=\"background-color:#ebf0f5;font-size:14px;border-color:#f2f2f2;\"><div class=\"front_inner\"><i class=\"fa fa-handshake-o\" style=\"color:#075791;\"><\/i><h2 style= \"font-size: 20px;\">Vertragswesen<\/h2><\/div><\/div><a href=\"https:\/\/www.avisora.ch\/treuhand\/treuhaender-fuer-startups\/#vertragswesen\" target=\"_self\" class=\"flip_box_link\"><div class=\"back\" style=\"background-color: #075791;color:#f2f2f2;border-color:#075791;\"><div class=\"back_inner\"><h3 style= \"color:#ffffff;\">Beratung in Sachen ben\u00f6tigter Vertr\u00e4ge Ihres Startups<\/h3><\/div><\/div><\/a><\/div><\/div>[\/vc_column][vc_column width=&#8220;1\/4&#8243; offset=&#8220;vc_hidden-sm vc_hidden-xs&#8220;]<div class=\"flip-container flip_box_7 vertical  \" ><div class=\"flipper\"><div class=\"front\" style=\"background-color:#ebf0f5;font-size:14px;border-color:#ebf0f5;\"><div class=\"front_inner\"><i class=\"fa fa-cube\" style=\"color:#075791;\"><\/i><h2 style= \"font-size: 20px;\">Rechtsformen<\/h2><\/div><\/div><div class=\"back\" style=\"background-color: #075791;color:#f2f2f2;border-color:#075791;\"><div class=\"back_inner\"><h3 style= \"color:#ffffff;\">Wir unterst\u00fctzen Sie proaktiv bei der Auswahl der f\u00fcr Sie passenden Rechtsform<\/h3><\/div><\/div><\/div><\/div><div class=\"flip-container flip_box_8 vertical  \" ><div class=\"flipper\"><div class=\"front\" style=\"background-color:#ebf0f5;font-size:14px;border-color:#f2f2f2;\"><div class=\"front_inner\"><i class=\"fa fa-adjust\" style=\"color:#075791;\"><\/i><h2 style= \"font-size: 20px;\">CFO Mandate<\/h2><\/div><\/div><a href=\"https:\/\/www.avisora.ch\/treuhand\/treuhaender-fuer-startups\/#cfo-mandate\" target=\"_self\" class=\"flip_box_link\"><div class=\"back\" style=\"background-color: #075791;color:#f2f2f2;border-color:#075791;\"><div class=\"back_inner\"><h3 style= \"color:#ffffff;\">Kurzfristige wie auch langfristige Eins\u00e4tze als Ihr externer CFO: avisora bringt die notwendige Expertise mit<\/h3><\/div><\/div><\/a><\/div><\/div>[\/vc_column][vc_column width=&#8220;1\/2&#8243; offset=&#8220;vc_hidden-sm vc_hidden-xs&#8220;][vc_custom_heading text=&#8220;F\u00fcr Startups&#8220; font_container=&#8220;tag:h2|font_size:30|text_align:right|color:%233f3f3f&#8220; use_theme_fonts=&#8220;yes&#8220;][vc_custom_heading text=&#8220;Wie Rupert Murdoch einst sagte:<br \/>\n&#8222;Es gibt da draussen immer noch Welten zu erobern.&#8222;<br \/>\nLassen Sie uns bei Ihrer Eroberung behilflich sein!&#8220; font_container=&#8220;tag:p|font_size:18|text_align:right|color:%234c4c4c|line_height:1.5&#8243; use_theme_fonts=&#8220;yes&#8220;][vc_single_image image=&#8220;4311&#8243; img_size=&#8220;large&#8220; alignment=&#8220;right&#8220; css=&#8220;.vc_custom_1544017093864{padding-bottom: 10% !important;}&#8220;][\/vc_column][\/vc_row][vc_row css=&#8220;.vc_custom_1541606452066{padding-top: 5% !important;}&#8220;][vc_column width=&#8220;1\/2&#8243; offset=&#8220;vc_hidden-lg vc_hidden-md&#8220;][vc_custom_heading text=&#8220;F\u00fcr Startups&#8220; font_container=&#8220;tag:h2|font_size:30|text_align:right|color:%233f3f3f&#8220; use_theme_fonts=&#8220;yes&#8220;][vc_custom_heading text=&#8220;Wie Rupert Murdoch einst sagte:<br \/>\n&#8222;Es gibt da draussen immer noch Welten zu erobern.&#8222;<br \/>\nLassen Sie uns bei Ihrer Eroberung behilflich sein!&#8220; font_container=&#8220;tag:p|font_size:18|text_align:right|color:%234c4c4c|line_height:1.5&#8243; use_theme_fonts=&#8220;yes&#8220;][vc_single_image image=&#8220;4311&#8243; img_size=&#8220;large&#8220; alignment=&#8220;right&#8220; css=&#8220;.vc_custom_1544017093864{padding-bottom: 10% !important;}&#8220;][\/vc_column][vc_column width=&#8220;1\/4&#8243; offset=&#8220;vc_hidden-lg vc_hidden-md&#8220;]<div class=\"flip-container flip_box_9 vertical  \" ><div class=\"flipper\"><div class=\"front\" style=\"background-color:#ebf0f5;font-size:14px;border-color:#ebf0f5;\"><div class=\"front_inner\"><i class=\"fa fa-balance-scale\" style=\"color:#075791;\"><\/i><h2 style= \"font-size: 20px;\">Firmengr\u00fcndung<\/h2><\/div><\/div><a href=\"https:\/\/www.avisora.ch\/treuhand\/treuhaender-fuer-startups\/#firmengr\u00fcndung\" target=\"_self\" class=\"flip_box_link\"><div class=\"back\" style=\"background-color: #075791;color:#f2f2f2;border-color:#075791;\"><div class=\"back_inner\"><h3 style= \"color:#ffffff;\">Auf Ihre Bed\u00fcrfnisse zugeschnitten<\/h3><\/div><\/div><\/a><\/div><\/div><div class=\"flip-container flip_box_10 vertical  \" ><div class=\"flipper\"><div class=\"front\" style=\"background-color:#ebf0f5;font-size:14px;border-color:#f2f2f2;\"><div class=\"front_inner\"><i class=\"fa fa-handshake-o\" style=\"color:#075791;\"><\/i><h2 style= \"font-size: 20px;\">Vertragswesen<\/h2><\/div><\/div><a href=\"https:\/\/www.avisora.ch\/treuhand\/treuhaender-fuer-startups\/#vertragswesen\" target=\"_self\" class=\"flip_box_link\"><div class=\"back\" style=\"background-color: #075791;color:#f2f2f2;border-color:#075791;\"><div class=\"back_inner\"><h3 style= \"color:#ffffff;\">Beratung in Sachen ben\u00f6tigter Vertr\u00e4ge Ihres Startups<\/h3><\/div><\/div><\/a><\/div><\/div>[\/vc_column][vc_column width=&#8220;1\/4&#8243; offset=&#8220;vc_hidden-lg vc_hidden-md&#8220;]<div class=\"flip-container flip_box_11 vertical  \" ><div class=\"flipper\"><div class=\"front\" style=\"background-color:#ebf0f5;font-size:14px;border-color:#ebf0f5;\"><div class=\"front_inner\"><i class=\"fa fa-cube\" style=\"color:#075791;\"><\/i><h2 style= \"font-size: 20px;\">Rechtsformen<\/h2><\/div><\/div><div class=\"back\" style=\"background-color: #075791;color:#f2f2f2;border-color:#075791;\"><div class=\"back_inner\"><h3 style= \"color:#ffffff;\">Wir unterst\u00fctzen Sie proaktiv bei der Auswahl der f\u00fcr Sie passenden Rechtsform<\/h3><\/div><\/div><\/div><\/div><div class=\"flip-container flip_box_12 vertical  \" ><div class=\"flipper\"><div class=\"front\" style=\"background-color:#ebf0f5;font-size:14px;border-color:#f2f2f2;\"><div class=\"front_inner\"><i class=\"fa fa-clock-o\" style=\"color:#075791;\"><\/i><h2 style= \"font-size: 20px;\">CFO Mandate<\/h2><\/div><\/div><a href=\"https:\/\/www.avisora.ch\/treuhand\/treuhaender-fuer-startups\/#cfo-mandate\" target=\"_self\" class=\"flip_box_link\"><div class=\"back\" style=\"background-color: #075791;color:#f2f2f2;border-color:#075791;\"><div class=\"back_inner\"><h3 style= \"color:#ffffff;\">Kurzfristige wie auch langfristige Eins\u00e4tze als Ihr externer CFO<\/h3><\/div><\/div><\/a><\/div><\/div>[\/vc_column][\/vc_row][vc_row css=&#8220;.vc_custom_1541606452066{padding-top: 5% !important;}&#8220;][vc_column width=&#8220;1\/2&#8243;][vc_custom_heading text=&#8220;F\u00fcr Privatpersonen&#8220; font_container=&#8220;tag:h2|font_size:30|text_align:left|color:%233f3f3f&#8220; use_theme_fonts=&#8220;yes&#8220;][vc_custom_heading text=&#8220;Von der Steuererkl\u00e4rung bis hin zur komplexen Steuerberatung stehen wir Ihnen zur Verf\u00fcgung.&#8220; font_container=&#8220;tag:p|font_size:18|text_align:left|color:%234c4c4c|line_height:1.5&#8243; use_theme_fonts=&#8220;yes&#8220;][vc_single_image image=&#8220;4306&#8243; img_size=&#8220;large&#8220; css=&#8220;.vc_custom_1544017107216{padding-bottom: 10% !important;}&#8220;][\/vc_column][vc_column width=&#8220;1\/4&#8243;]<div class=\"flip-container flip_box_13 vertical  \" ><div class=\"flipper\"><div class=\"front\" style=\"background-color:#ebf0f5;font-size:14px;border-color:#f2f2f2;\"><div class=\"front_inner\"><i class=\"fa fa-file-o\" style=\"color:#075791;\"><\/i><h2 style= \"font-size: 20px;\">Steuererkl\u00e4rung<\/h2><\/div><\/div><a href=\"https:\/\/www.avisora.ch\/treuhand\/treuhaender-fuer-privatpersonen\/#steuern\" target=\"_self\" class=\"flip_box_link\"><div class=\"back\" style=\"background-color: #075791;color:#f2f2f2;border-color:#075791;\"><div class=\"back_inner\"><h3 style= \"color:#ffffff;\">Fristgerecht und zu fairen Konditionen<\/h3><\/div><\/div><\/a><\/div><\/div>[\/vc_column][vc_column width=&#8220;1\/4&#8243;]<div class=\"flip-container flip_box_14 vertical  \" ><div class=\"flipper\"><div class=\"front\" style=\"background-color:#ebf0f5;font-size:14px;border-color:#ebf0f5;\"><div class=\"front_inner\"><i class=\"fa fa-male\" style=\"color:#075791;\"><\/i><h2 style= \"font-size: 20px;\">Steuerberatung<\/h2><\/div><\/div><a href=\"https:\/\/www.avisora.ch\/treuhand\/treuhaender-fuer-privatpersonen\/#freelancers\" target=\"_self\" class=\"flip_box_link\"><div class=\"back\" style=\"background-color: #075791;color:#f2f2f2;border-color:#075791;\"><div class=\"back_inner\"><h3 style= \"color:#ffffff;\">Ganzheitlich geplant, effizient umgesetzt<\/h3><\/div><\/div><\/a><\/div><\/div>[\/vc_column][\/vc_row][vc_row css=&#8220;.vc_custom_1541606452066{padding-top: 5% !important;}&#8220;][vc_column width=&#8220;1\/2&#8243; offset=&#8220;vc_hidden-sm vc_hidden-xs&#8220;]<div class=\"flip-container flip_box_15 vertical  \" ><div class=\"flipper\"><div class=\"front\" style=\"background-color:#ebf0f5;font-size:14px;border-color:#ebf0f5;\"><div class=\"front_inner\"><i class=\"fa fa-envelope-o\" style=\"color:#075791;\"><\/i><h2 style= \"font-size: 20px;\">Fiskalvertretung<\/h2><\/div><\/div><a href=\"https:\/\/www.avisora.ch\/treuhand\/treuhaender-fuer-kunden-ausserhalb-der-schweiz\/#fiskalvertretung\" target=\"_self\" class=\"flip_box_link\"><div class=\"back\" style=\"background-color: #075791;color:#f2f2f2;border-color:#075791;\"><div class=\"back_inner\"><h3 style= \"color:#ffffff;\">Das Schweizer MWST-Recht verpflichtet Unternehmen im Ausland sich unter gewissen Umst\u00e4nden \u00fcber einen Fiskalvertreter in der Schweiz anzumelden. Lassen Sie sich durch uns beraten und vertreten.<\/h3><\/div><\/div><\/a><\/div><\/div><div class=\"flip-container flip_box_16 vertical  \" ><div class=\"flipper\"><div class=\"front\" style=\"background-color:#ebf0f5;font-size:14px;border-color:#f2f2f2;\"><div class=\"front_inner\"><i class=\"fa fa-random\" style=\"color:#075791;\"><\/i><h2 style= \"font-size: 20px;\">Internationale Umstrukturierung<\/h2><\/div><\/div><a href=\"https:\/\/www.avisora.ch\/treuhand\/treuhaender-fuer-kunden-ausserhalb-der-schweiz\/#expats-inpats\" target=\"_self\" class=\"flip_box_link\"><div class=\"back\" style=\"background-color: #075791;color:#f2f2f2;border-color:#075791;\"><div class=\"back_inner\"><h3 style= \"color:#ffffff;\">Sie planen Ihren Gesch\u00e4ftssitz in die Schweiz zu verlagern? Wir zeigen Ihnen gerne auf, worauf es dabei ankommt.<\/h3><\/div><\/div><\/a><\/div><\/div>[\/vc_column][vc_column width=&#8220;1\/2&#8243; offset=&#8220;vc_hidden-sm vc_hidden-xs&#8220;][vc_custom_heading text=&#8220;F\u00fcr Kunden ausserhalb der Schweiz&#8220; font_container=&#8220;tag:h2|font_size:30|text_align:right|color:%233f3f3f&#8220; use_theme_fonts=&#8220;yes&#8220;][vc_custom_heading text=&#8220;Als im Ausland ans\u00e4ssiges Unternehmen m\u00f6chten Sie Leistungen in der Schweiz erbringen oder planen ein Zuzug in die Schweiz?<br \/>\nWir unterst\u00fctzen Sie bei Ihrem Vorhaben.&#8220; font_container=&#8220;tag:p|font_size:18|text_align:right|color:%234c4c4c|line_height:1.5&#8243; use_theme_fonts=&#8220;yes&#8220;][vc_single_image image=&#8220;4308&#8243; img_size=&#8220;large&#8220; alignment=&#8220;right&#8220; css=&#8220;.vc_custom_1544017140182{padding-bottom: 10% !important;}&#8220;][\/vc_column][\/vc_row][vc_row css=&#8220;.vc_custom_1541606452066{padding-top: 5% !important;}&#8220;][vc_column width=&#8220;1\/2&#8243; offset=&#8220;vc_hidden-lg vc_hidden-md&#8220;][vc_custom_heading text=&#8220;F\u00fcr Kunden ausserhalb der Schweiz&#8220; font_container=&#8220;tag:h2|font_size:30|text_align:right|color:%233f3f3f&#8220; use_theme_fonts=&#8220;yes&#8220;][vc_custom_heading text=&#8220;Als im Ausland ans\u00e4ssiges Unternehmen m\u00f6chten Sie Leistungen in der Schweiz erbringen oder planen ein Zuzug in die Schweiz?<br \/>\nWir unterst\u00fctzen Sie bei Ihrem Vorhaben.&#8220; font_container=&#8220;tag:p|font_size:18|text_align:right|color:%234c4c4c|line_height:1.5&#8243; use_theme_fonts=&#8220;yes&#8220;][vc_single_image image=&#8220;4308&#8243; img_size=&#8220;large&#8220; alignment=&#8220;right&#8220; css=&#8220;.vc_custom_1544017140182{padding-bottom: 10% !important;}&#8220;][\/vc_column][vc_column width=&#8220;1\/2&#8243; offset=&#8220;vc_hidden-lg vc_hidden-md&#8220;]<div class=\"flip-container flip_box_17 vertical  \" ><div class=\"flipper\"><div class=\"front\" style=\"background-color:#ebf0f5;font-size:14px;border-color:#ebf0f5;\"><div class=\"front_inner\"><i class=\"fa fa-envelope-o\" style=\"color:#075791;\"><\/i><h2 style= \"font-size: 20px;\">Fiskalvertretung<\/h2><\/div><\/div><div class=\"back\" style=\"background-color: #075791;color:#f2f2f2;border-color:#075791;\"><div class=\"back_inner\"><h3 style= \"color:#ffffff;\">Das Schweizer MWST-Recht verpflichtet Unternehmen im Ausland sich unter gewissen Umst\u00e4nden \u00fcber einen Fiskalvertreter in der Schweiz anzumelden. Lassen Sie sich durch uns beraten und vertreten.<\/h3>L\u00e4nder\u00fcbergreifend t\u00e4tig zu sein bedeutet sich mit den Gesetzen des jeweiligen Landes auszukennen. Wir beraten Sie kompetent.<\/div><\/div><\/div><\/div><div class=\"flip-container flip_box_18 vertical  \" ><div class=\"flipper\"><div class=\"front\" style=\"background-color:#ebf0f5;font-size:14px;border-color:#f2f2f2;\"><div class=\"front_inner\"><i class=\"fa fa-random\" style=\"color:#075791;\"><\/i><h2 style= \"font-size: 20px;\">Internationale Umstrukturierung<\/h2><\/div><\/div><div class=\"back\" style=\"background-color: #075791;color:#f2f2f2;border-color:#075791;\"><div class=\"back_inner\"><h3 style= \"color:#ffffff;\">Sie planen Ihren Gesch\u00e4ftssitz in die Schweiz zu verlagern? Wir zeigen Ihnen gerne auf, worauf es dabei ankommt.<\/h3><\/div><\/div><\/div><\/div>[\/vc_column][\/vc_row][vc_row css=&#8220;.vc_custom_1544023699658{padding-top: 8% !important;padding-bottom: 8% !important;background-color: #ebf0f5 !important;}&#8220;][vc_column width=&#8220;1\/6&#8243;][\/vc_column][vc_column width=&#8220;2\/3&#8243; el_id=&#8220;kontakt&#8220;]<div class=\"product_feature prod_feature_counter_1  flex  mb-4\" ><style type=\"text\/css\" scoped=\"scoped\">.product_feature.prod_feature_counter_1 .pf_icon i {background-color: #ebf0f5; box-sizing: content-box; padding: 5px;}.product_feature.prod_feature_counter_1 .pf_icon i {color: #075791;display: block; text-align:center;font-size: 40px;width: 55px;height: 55px;line-height: 55px;}.product_feature.prod_feature_counter_1 .pf_content h4 {color: #abacb2;font-size: px;font-weight: ;line-height: ;margin-top: ;margin-bottom: ;}.product_feature.prod_feature_counter_1 .pf_content .pf_description {font-size: 18px;line-height: 26px;color: #4c4c4c;}<\/style><div class=\"pf_icon flex-none mb-6 mr-4\"><i class=\"fa fa-envelope inline-block text-center rounded-full\"><\/i><\/div><div class=\"pf_content\"><div class=\"pf_description\">Wir freuen uns \u00fcber Ihre Nachricht.<br \/>\nHinterlassen Sie uns Ihre Daten und wir melden uns innert Tagesfrist.<\/div><\/div><\/div>[vc_separator style=&#8220;blank&#8220; padding_top=&#8220;20&#8243; padding_bottom=&#8220;20&#8243;]<div class=\"creativo_cf7 cf_scope_1 full_width none\"><style type=\"text\/css\" scoped=\"scoped\">.creativo_cf7.cf_scope_1{padding:0px;border-radius:0px;background-color:;width:100%;margin:0 auto;}.cf_scope_1 input,\r\n\t\t\t\t\t\t\t\t.cf_scope_1 textarea,\r\n\t\t\t\t\t\t\t\t.cf_scope_1 select {padding:10px;}.cf_scope_1 .wpcf7 {color:#4c4c4c;font-size:18px;}.cf_scope_1 input:not([type=\"submit\"]), .cf_scope_1 textarea, .cf_scope_1 select {font-size:18px; line-height: normal;background-color:rgba(255,255,255,0.01);border-width:2px;border-radius:0px;border-color:#cccccc;color:#cccccc;}.cf_scope_1 input:focus, .cf_scope_1 select:focus, .cf_scope_1 select:hover, .cf_scope_1 textarea:focus, .cf_scope_1 input:not([type=\"submit\"]):hover, .cf_scope_1 textarea:hover{background-color:rgba(255,255,255,0.75);border-color:#cccccc;color:#555555;}.cf_scope_1 textarea {height:150px;}.cf_scope_1 .wpcf7-submit, .cf_scope_1 .wpcf7-submit:focus {border: 1px solid #ccc;background-color:#075791;border-color:#075791;color:#ffffff;font-size:18px;font-weight:400;padding-top:10px;padding-bottom:10px;margin-top:10px; margin-right: 0; margin-bottom:0;text-align: left;line-height: 26px;border-radius:0px;padding-left:20px;padding-right:20px;transition: all 0.2s ease-in-out; -webkit-transition: all 0.2s ease-in-out;}.cf_scope_1 .wpcf7-submit:hover {background-color:#075791;border-color:#075791;color:#ffffff;}@media (max-width: 640px) {.creativo_cf7.cf_scope_1 {width: 100%;}}<\/style>\n<div class=\"wpcf7 no-js\" id=\"wpcf7-f3144-o1\" lang=\"en-US\" dir=\"ltr\" data-wpcf7-id=\"3144\">\n<div class=\"screen-reader-response\"><p role=\"status\" aria-live=\"polite\" aria-atomic=\"true\"><\/p> <ul><\/ul><\/div>\n<form action=\"\/treuhand\/wp-json\/wp\/v2\/pages\/2808#wpcf7-f3144-o1\" method=\"post\" class=\"wpcf7-form init\" aria-label=\"Contact form\" novalidate=\"novalidate\" data-status=\"init\">\n<div style=\"display: none;\">\n<input type=\"hidden\" name=\"_wpcf7\" value=\"3144\" \/>\n<input type=\"hidden\" name=\"_wpcf7_version\" value=\"6.0.5\" \/>\n<input type=\"hidden\" name=\"_wpcf7_locale\" value=\"en_US\" \/>\n<input type=\"hidden\" name=\"_wpcf7_unit_tag\" value=\"wpcf7-f3144-o1\" \/>\n<input type=\"hidden\" name=\"_wpcf7_container_post\" value=\"0\" \/>\n<input type=\"hidden\" name=\"_wpcf7_posted_data_hash\" value=\"\" \/>\n<input type=\"hidden\" name=\"_wpcf7_recaptcha_response\" value=\"\" \/>\n<\/div>\n<p><label> Ihr Name<br \/>\n<span class=\"wpcf7-form-control-wrap\" data-name=\"Ihr-Name\"><input size=\"40\" maxlength=\"400\" class=\"wpcf7-form-control wpcf7-text wpcf7-validates-as-required\" aria-required=\"true\" aria-invalid=\"false\" value=\"\" type=\"text\" name=\"Ihr-Name\" \/><\/span> <\/label>\n<\/p>\n<p><label> Ihre E-Mail-Adresse<br \/>\n<span class=\"wpcf7-form-control-wrap\" data-name=\"Ihre-E-Mail\"><input size=\"40\" maxlength=\"400\" class=\"wpcf7-form-control wpcf7-email wpcf7-validates-as-required wpcf7-text wpcf7-validates-as-email\" aria-required=\"true\" aria-invalid=\"false\" value=\"\" type=\"email\" name=\"Ihre-E-Mail\" \/><\/span> <\/label>\n<\/p>\n<p><label> Ihre Telefonnummer<br \/>\n<span class=\"wpcf7-form-control-wrap\" data-name=\"Ihre-Telefonnummer\"><input size=\"40\" maxlength=\"400\" class=\"wpcf7-form-control wpcf7-tel wpcf7-text wpcf7-validates-as-tel\" aria-invalid=\"false\" value=\"\" type=\"tel\" name=\"Ihre-Telefonnummer\" \/><\/span> <\/label>\n<\/p>\n<p><label> Ihre Mitteilung<br \/>\n<span class=\"wpcf7-form-control-wrap\" data-name=\"Ihre-Mitteilung\"><textarea cols=\"40\" rows=\"10\" maxlength=\"2000\" class=\"wpcf7-form-control wpcf7-textarea wpcf7-validates-as-required\" aria-required=\"true\" aria-invalid=\"false\" name=\"Ihre-Mitteilung\"><\/textarea><\/span> <\/label>\n<\/p>\n<p><input class=\"wpcf7-form-control wpcf7-submit has-spinner\" type=\"submit\" value=\"Senden\" \/>\n<\/p><div class=\"wpcf7-response-output\" aria-hidden=\"true\"><\/div>\n<\/form>\n<\/div>\n<\/div>[\/vc_column][vc_column width=&#8220;1\/6&#8243;][\/vc_column][\/vc_row]\n<\/div>","protected":false},"excerpt":{"rendered":"<p>[vc_row][vc_column][rev_slider_vc alias=&#8220;full_screen&#8220;][\/vc_column][\/vc_row][vc_row css=&#8220;.vc_custom_1546101214637{padding-top: 5% !important;}&#8220;][vc_column width=&#8220;1\/2&#8243;][vc_custom_heading text=&#8220;F\u00fcr Unternehmen&#8220; font_container=&#8220;tag:h2|font_size:30|text_align:left|color:%233f3f3f&#8220; use_theme_fonts=&#8220;yes&#8220;][vc_custom_heading text=&#8220;Der Fokus, Ihre Ressource. Das Unternehmen von heute fokussiert sich auf seine Kernkompetenzen und nimmt Dienstleistungen von kompetenten Partner in Anspruch.&#8220; font_container=&#8220;tag:p|font_size:18|text_align:left|color:%234c4c4c|line_height:1.5&#8243; use_theme_fonts=&#8220;yes&#8220;][vc_single_image image=&#8220;4309&#8243; img_size=&#8220;large&#8220; css=&#8220;.vc_custom_1544017048047{padding-bottom: 10% !important;}&#8220;][\/vc_column][vc_column width=&#8220;1\/4&#8243;][\/vc_column][vc_column width=&#8220;1\/4&#8243;][\/vc_column][\/vc_row][vc_row css=&#8220;.vc_custom_1541606452066{padding-top: 5% !important;}&#8220;][vc_column width=&#8220;1\/4&#8243; offset=&#8220;vc_hidden-sm vc_hidden-xs&#8220;][\/vc_column][vc_column width=&#8220;1\/4&#8243; offset=&#8220;vc_hidden-sm vc_hidden-xs&#8220;][\/vc_column][vc_column width=&#8220;1\/2&#8243; offset=&#8220;vc_hidden-sm vc_hidden-xs&#8220;][vc_custom_heading text=&#8220;F\u00fcr Startups&#8220; font_container=&#8220;tag:h2|font_size:30|text_align:right|color:%233f3f3f&#8220;&#8230;<\/p>\n","protected":false},"author":1,"featured_media":0,"parent":0,"menu_order":0,"comment_status":"open","ping_status":"closed","template":"page-full.php","meta":{"footnotes":""},"class_list":["post-2808","page","type-page","status-publish","hentry"],"_links":{"self":[{"href":"https:\/\/www.avisora.ch\/treuhand\/wp-json\/wp\/v2\/pages\/2808","targetHints":{"allow":["GET"]}}],"collection":[{"href":"https:\/\/www.avisora.ch\/treuhand\/wp-json\/wp\/v2\/pages"}],"about":[{"href":"https:\/\/www.avisora.ch\/treuhand\/wp-json\/wp\/v2\/types\/page"}],"author":[{"embeddable":true,"href":"https:\/\/www.avisora.ch\/treuhand\/wp-json\/wp\/v2\/users\/1"}],"replies":[{"embeddable":true,"href":"https:\/\/www.avisora.ch\/treuhand\/wp-json\/wp\/v2\/comments?post=2808"}],"version-history":[{"count":166,"href":"https:\/\/www.avisora.ch\/treuhand\/wp-json\/wp\/v2\/pages\/2808\/revisions"}],"predecessor-version":[{"id":4948,"href":"https:\/\/www.avisora.ch\/treuhand\/wp-json\/wp\/v2\/pages\/2808\/revisions\/4948"}],"wp:attachment":[{"href":"https:\/\/www.avisora.ch\/treuhand\/wp-json\/wp\/v2\/media?parent=2808"}],"curies":[{"name":"wp","href":"https:\/\/api.w.org\/{rel}","templated":true}]}}