{"id":4405,"date":"2018-12-08T15:26:48","date_gmt":"2018-12-08T15:26:48","guid":{"rendered":"https:\/\/www.avisora.ch\/treuhand\/?page_id=4405"},"modified":"2026-04-08T18:21:03","modified_gmt":"2026-04-08T17:21:03","slug":"ueber-uns","status":"publish","type":"page","link":"https:\/\/www.avisora.ch\/treuhand\/ueber-uns\/","title":{"rendered":"\u00dcber uns"},"content":{"rendered":"<div class=\"wpb-content-wrapper\">[vc_row eq_height=&#8220;yes&#8220; content_placement=&#8220;middle&#8220; css=&#8220;.vc_custom_1545385146522{padding-top: 15% !important;padding-bottom: 15% !important;background: #fafafa url(https:\/\/www.avisora.ch\/treuhand\/wp-content\/uploads\/2018\/12\/startups_header_leicht.jpg?id=4461) !important;background-position: center !important;background-repeat: no-repeat !important;background-size: cover !important;}&#8220;][vc_column][vc_custom_heading text=&#8220;\u00dcber uns&#8220; font_container=&#8220;tag:h2|font_size:40px|text_align:center|color:%233f3f3f|line_height:1.3&#8243; use_theme_fonts=&#8220;yes&#8220; css=&#8220;.vc_custom_1546089556497{padding-bottom: 20px !important;}&#8220; el_class=&#8220;font_weight_300&#8243;][vc_custom_heading text=&#8220;&#8222;Wer aufh\u00f6rt, besser zu werden, hat aufgeh\u00f6rt, gut zu sein.&#8222; Philip Rosenthal&#8220; font_container=&#8220;tag:p|font_size:17px|text_align:center|color:%234c4c4c&#8220; use_theme_fonts=&#8220;yes&#8220; css=&#8220;.vc_custom_1546091951986{padding-bottom: 20px !important;}&#8220;][vc_button title=&#8220;Unverbindliche Offerte anfordern&#8220; shape=&#8220;rounded&#8220; color=&#8220;custom&#8220; custom_font_size=&#8220;12px&#8220; custom_font_weight=&#8220;600&#8243; custom_color=&#8220;#075791&#8243; custom_border_color=&#8220;#075791&#8243; custom_color_hover=&#8220;#075791&#8243; custom_border_color_hover=&#8220;#075791&#8243; href=&#8220;https:\/\/www.avisora.ch\/treuhand\/ueber-uns\/#kontaktformular&#8220;][vc_button title=&#8220;R\u00fcckruf anfordern&#8220; shape=&#8220;rounded&#8220; color=&#8220;custom&#8220; custom_font_size=&#8220;12px&#8220; custom_font_weight=&#8220;600&#8243; custom_color=&#8220;#075791&#8243; custom_border_color=&#8220;#075791&#8243; custom_color_hover=&#8220;#075791&#8243; custom_border_color_hover=&#8220;#075791&#8243; href=&#8220;https:\/\/www.avisora.ch\/treuhand\/ueber-uns\/#rueckruf&#8220;][\/vc_column][\/vc_row][vc_row css=&#8220;.vc_custom_1541957817582{padding-top: 5% !important;}&#8220;][vc_column][vc_custom_heading text=&#8220;Wer wir sind&#8220; font_container=&#8220;tag:h2|font_size:30|text_align:left|color:%233f3f3f&#8220; use_theme_fonts=&#8220;yes&#8220; el_id=&#8220;firmengruendung&#8220;][vc_custom_heading text=&#8220;Wir sind ein unabh\u00e4ngiges Schweizer Unternehmen f\u00fcr Treuhanddienstleistung und Steuerberatung und erarbeiten mit motivierten Mitarbeitern nachhaltig Mehrwerte f\u00fcr unsere Kunden. Unser Denken und Handeln zeichnet sich durch Vielfalt und Offenheit aus und unser Engagement durch Verantwortung, \u00dcberzeugung und Enthusiasmus. Wir schaffen Vertrauen durch hohes Engagement und Qualit\u00e4t.&#8220; font_container=&#8220;tag:p|font_size:18|text_align:left|color:%234c4c4c|line_height:1.5&#8243; use_theme_fonts=&#8220;yes&#8220;][\/vc_column][\/vc_row][vc_row css=&#8220;.vc_custom_1541957817582{padding-top: 5% !important;}&#8220;][vc_column][vc_custom_heading text=&#8220;Unsere Philosophie&#8220; font_container=&#8220;tag:h2|font_size:30|text_align:left|color:%233f3f3f&#8220; use_theme_fonts=&#8220;yes&#8220;][vc_custom_heading text=&#8220;Dem Zitat von Rosenthal entsprechend bauen wir auf unsere Werte: Kompetent. Effizient. Digital. Sie bilden die Richtschnur f\u00fcr das t\u00e4gliche Handeln unserer Mitarbeiter und repr\u00e4sentieren gleichzeitig die Anspr\u00fcche, die wir an uns selbst stellen und f\u00fcr die wir uns gegen\u00fcber unseren Kunden verpflichten.&#8220; font_container=&#8220;tag:p|font_size:18|text_align:left|color:%234c4c4c|line_height:1.5&#8243; use_theme_fonts=&#8220;yes&#8220;][\/vc_column][\/vc_row][vc_row gap=&#8220;20&#8243; eq_height=&#8220;yes&#8220; css=&#8220;.vc_custom_1546096494422{padding-top: 5% !important;}&#8220;][vc_column width=&#8220;1\/3&#8243; css=&#8220;.vc_custom_1546096336114{padding-top: 5% !important;padding-bottom: 5% !important;background-color: #ebf0f5 !important;}&#8220;][vc_icon icon_fontawesome=&#8220;fa fa-cube&#8220; color=&#8220;custom&#8220; size=&#8220;lg&#8220; align=&#8220;center&#8220; custom_color=&#8220;#075791&#8243;][vc_custom_heading text=&#8220;Kompetent.&#8220; font_container=&#8220;tag:h2|font_size:20|text_align:center|color:%234c4c4c&#8220; use_theme_fonts=&#8220;yes&#8220;][vc_custom_heading text=&#8220;Kompetenz setzt Erfahrung und stetige Weiterbildung voraus und bedeutet zugleich Sicherung der Qualit\u00e4t unserer Arbeit. Ein wichtiger Baustein unseres Erfolgs ist das Know-How unserer Mitarbeiter. Aus diesem Grund f\u00f6rdern wir die stufengerechte Weiterentwicklung aller Mitarbeitenden.&#8220; font_container=&#8220;tag:p|font_size:14|text_align:center|color:%234c4c4c|line_height:2&#8243; use_theme_fonts=&#8220;yes&#8220; class=&#8220;&#8222;same-height&#8222;&#8220; same-height-group=&#8220;&#8222;1&#8222;&#8220;][\/vc_column][vc_column width=&#8220;1\/3&#8243; css=&#8220;.vc_custom_1546096353387{padding-top: 5% !important;padding-bottom: 5% !important;background-color: #ebf0f5 !important;}&#8220;][vc_icon icon_fontawesome=&#8220;fa fa-cogs&#8220; color=&#8220;custom&#8220; size=&#8220;lg&#8220; align=&#8220;center&#8220; custom_color=&#8220;#075791&#8243;][vc_custom_heading text=&#8220;Effizient.&#8220; font_container=&#8220;tag:h2|font_size:20|text_align:center|color:%234c4c4c&#8220; use_theme_fonts=&#8220;yes&#8220;][vc_custom_heading text=&#8220;Mit weniger Arbeit, mehr Erfolg erzielen. Aus diesem Gedanken heraus verfolgen wir die modernsten Technologien, um Abl\u00e4ufe m\u00f6glichst schlank zu halten bei gleichzeitiger Sicherstellung des gr\u00f6sstm\u00f6glichen Erfolgs. Unser Antrieb, Ihr Vorteil.&#8220; font_container=&#8220;tag:p|font_size:14|text_align:center|color:%234c4c4c|line_height:2&#8243; use_theme_fonts=&#8220;yes&#8220; class=&#8220;&#8222;same-height&#8222;&#8220; same-height-group=&#8220;&#8222;1&#8222;&#8220;][\/vc_column][vc_column width=&#8220;1\/3&#8243; css=&#8220;.vc_custom_1546096358762{padding-top: 5% !important;padding-bottom: 5% !important;background-color: #ebf0f5 !important;}&#8220;][vc_icon icon_fontawesome=&#8220;fa fa-microchip&#8220; color=&#8220;custom&#8220; size=&#8220;lg&#8220; align=&#8220;center&#8220; custom_color=&#8220;#075791&#8243;][vc_custom_heading text=&#8220;Digital.&#8220; font_container=&#8220;tag:h2|font_size:20|text_align:center|color:%234c4c4c&#8220; use_theme_fonts=&#8220;yes&#8220;][vc_custom_heading text=&#8220;Um eine effiziente und effektive Vorgehensweise sicherzustellen, positionieren wir uns am Puls des technologischen Fortschritts. Wir sind bestrebt Prozesse zu automatisieren und Dokumentablagen zu digitalisieren.&#8220; font_container=&#8220;tag:p|font_size:14|text_align:center|color:%234c4c4c|line_height:2&#8243; use_theme_fonts=&#8220;yes&#8220; class=&#8220;&#8222;same-height&#8222;&#8220; same-height-group=&#8220;&#8222;1&#8222;&#8220;][\/vc_column][\/vc_row][vc_row css=&#8220;.vc_custom_1546096574659{padding-top: 5% !important;padding-bottom: 5% !important;}&#8220;][vc_column][vc_custom_heading text=&#8220;Unsere Werte machen deutlich, was uns auszeichnet und inwiefern wir uns von unseren Mitbewerbern unterscheiden. Setzen Sie sich mit uns in Verbindung und lernen Sie uns kennen. Wir freuen uns!&#8220; font_container=&#8220;tag:p|font_size:18|text_align:left|color:%234c4c4c|line_height:1.5&#8243; use_theme_fonts=&#8220;yes&#8220;][\/vc_column][\/vc_row][vc_row css=&#8220;.vc_custom_1543000538274{padding-top: 5% !important;background-color: #ebf0f5 !important;}&#8220;][vc_column el_id=&#8220;rueckruf&#8220;][vc_custom_heading text=&#8220;Haben Sie Fragen?&#8220; font_container=&#8220;tag:h2|font_size:30|text_align:center|color:%233f3f3f&#8220; use_theme_fonts=&#8220;yes&#8220;][vc_custom_heading text=&#8220;Wir \u00fcbernehmen f\u00fcr Sie den Anruf. Geben Sie nachfolgend Ihre Telefonnummer an und wir rufen Sie in K\u00fcrze zur\u00fcck.&#8220; font_container=&#8220;tag:p|font_size:18|text_align:center|color:%234c4c4c|line_height:1.5&#8243; use_theme_fonts=&#8220;yes&#8220;]<div class=\"creativo_cf7 cf_scope_1 full_width none\"><style type=\"text\/css\" scoped=\"scoped\">.creativo_cf7.cf_scope_1{padding:0px;border-radius:0px;background-color:;width:50%;margin:0 auto;}.cf_scope_1 input,\r\n\t\t\t\t\t\t\t\t.cf_scope_1 textarea,\r\n\t\t\t\t\t\t\t\t.cf_scope_1 select {padding:10px;}.cf_scope_1 .wpcf7 {color:#666666;font-size:18;}.cf_scope_1 input:not([type=\"submit\"]), .cf_scope_1 textarea, .cf_scope_1 select {font-size:18; line-height: normal;background-color:#ffffff;border-width:0px;border-radius:0px;border-color:#cccccc;color:#b2b2b6;}.cf_scope_1 input:focus, .cf_scope_1 select:focus, .cf_scope_1 select:hover, .cf_scope_1 textarea:focus, .cf_scope_1 input:not([type=\"submit\"]):hover, .cf_scope_1 textarea:hover{background-color:#ffffff;border-color:#cccccc;color:#555555;}.cf_scope_1 textarea {height:18px;}.cf_scope_1 .wpcf7-submit, .cf_scope_1 .wpcf7-submit:focus {border: 1px solid #ccc;background-color:#075791;border-color:#075791;color:#ffffff;font-size:18px;font-weight:600;padding-top:10px;padding-bottom:10px;margin-top:10px; margin-right: 0; margin-bottom:0;text-align: left;line-height: 26px;border-radius:0px;padding-left:12px;padding-right:12px;position: absolute; right: 0; margin:0; top:0;transition: all 0.2s ease-in-out; -webkit-transition: all 0.2s ease-in-out;}.cf_scope_1 .wpcf7-submit:hover {background-color:#075791;border-color:#075791;color:#ffffff;}@media (max-width: 640px) {.creativo_cf7.cf_scope_1 {width: 100%;}}<\/style>\n<div class=\"wpcf7 no-js\" id=\"wpcf7-f4331-o1\" lang=\"en-US\" dir=\"ltr\" data-wpcf7-id=\"4331\">\n<div class=\"screen-reader-response\"><p role=\"status\" aria-live=\"polite\" aria-atomic=\"true\"><\/p> <ul><\/ul><\/div>\n<form action=\"\/treuhand\/wp-json\/wp\/v2\/pages\/4405#wpcf7-f4331-o1\" method=\"post\" class=\"wpcf7-form init\" aria-label=\"Contact form\" novalidate=\"novalidate\" data-status=\"init\">\n<div style=\"display: none;\">\n<input type=\"hidden\" name=\"_wpcf7\" value=\"4331\" \/>\n<input type=\"hidden\" name=\"_wpcf7_version\" value=\"6.0.5\" \/>\n<input type=\"hidden\" name=\"_wpcf7_locale\" value=\"en_US\" \/>\n<input type=\"hidden\" name=\"_wpcf7_unit_tag\" value=\"wpcf7-f4331-o1\" \/>\n<input type=\"hidden\" name=\"_wpcf7_container_post\" value=\"0\" \/>\n<input type=\"hidden\" name=\"_wpcf7_posted_data_hash\" value=\"\" \/>\n<input type=\"hidden\" name=\"_wpcf7_recaptcha_response\" value=\"\" \/>\n<\/div>\n<p><label><span class=\"wpcf7-form-control-wrap\" data-name=\"Ihre-Telefonnummer\"><input size=\"40\" maxlength=\"400\" class=\"wpcf7-form-control wpcf7-tel wpcf7-validates-as-required wpcf7-text wpcf7-validates-as-tel\" aria-required=\"true\" aria-invalid=\"false\" placeholder=\"Ihre Telefonnummer\" value=\"\" type=\"tel\" name=\"Ihre-Telefonnummer\" \/><\/span> <\/label>\n<\/p>\n<p><input class=\"wpcf7-form-control wpcf7-submit has-spinner\" type=\"submit\" value=\"Senden\" \/>\n<\/p><div class=\"wpcf7-response-output\" aria-hidden=\"true\"><\/div>\n<\/form>\n<\/div>\n<\/div><div class=\"separator-wrap-1\"><style type=\"text\/css\" scoped=\"scoped\">.separator-wrap-1 .separator-el {padding-top: 20px;padding-bottom: 40px;}.separator-wrap-1 .separator-el .line{}.separator-wrap-1 .line, .separator-wrap-1 .separator-el-left, .separator-wrap-1 .separator-el-right {background-color:#444444;}<\/style><div class=\"separator-el relative \"><div class=\"line w-10 h-1 bg-gray-700 mx-auto \"><\/div><\/div><\/div>[\/vc_column][\/vc_row][vc_row css=&#8220;.vc_custom_1541957817582{padding-top: 5% !important;}&#8220;][vc_column][vc_custom_heading text=&#8220;Das Team&#8220; font_container=&#8220;tag:h2|font_size:30|text_align:center|color:%233f3f3f&#8220; use_theme_fonts=&#8220;yes&#8220;][\/vc_column][\/vc_row][vc_row css=&#8220;.vc_custom_1546099723933{padding-top: 40px !important;}&#8220;][vc_column width=&#8220;1\/2&#8243;]<style type=\"text\/css\" scoped=\"scoped\">.tm_scope_1.team_member .team_image .overlay_effect{background-color:#000000;}.tm_scope_1.team_member .team_image .overlay_effect i{color:#ffffff;}.tm_scope_1.team_member:hover .team_image .overlay_effect{opacity:0.6;}.tm_scope_1 .team_description {background-color:rgba(255,255,255,0.01);padding-left:;padding-right:;}.tm_scope_1 .team_name {color:#075791;}.tm_scope_1 .position {color:#a0a0a0;}.tm_scope_1 .team_content {border-top-color:#efefef;color:#494949;}.tm_scope_1 .get_social a {background-color:rgba(255,255,255,0.01);color:#383838;}<\/style><div class=\"team_member mb-10 relative group emp_default tm_scope_1  \" ><div class=\"team_image relative  rounded-full overflow-hidden\"><img loading=\"lazy\" decoding=\"async\" width=\"300\" height=\"300\" src=\"https:\/\/www.avisora.ch\/treuhand\/wp-content\/uploads\/2020\/09\/gueneya.jpg\" class=\"w-full h-auto attachment-full\" alt=\"\" title=\"gueneya\" srcset=\"https:\/\/www.avisora.ch\/treuhand\/wp-content\/uploads\/2020\/09\/gueneya.jpg 300w, https:\/\/www.avisora.ch\/treuhand\/wp-content\/uploads\/2020\/09\/gueneya-150x150.jpg 150w, https:\/\/www.avisora.ch\/treuhand\/wp-content\/uploads\/2020\/09\/gueneya-90x90.jpg 90w, https:\/\/www.avisora.ch\/treuhand\/wp-content\/uploads\/2020\/09\/gueneya-100x100.jpg 100w\" sizes=\"auto, (max-width: 300px) 100vw, 300px\" \/><\/div><div class=\"team_description text-center p-5 bg-white text-gray-600  border-gray-200 border-t-0\"><div class=\"team_name mb-2 text-base text-gray-700 font-semibold uppercase\">G\u00fcney Apaydin<\/div><div class=\"position text-sm font-normal leading-normal uppercase text-gray-600\">Gesch\u00e4ftsf\u00fchrer<\/div><div class=\"team_content pt-4 mt-4 mb-4 border-t border-gray-200\">Dipl. Steuerexperte<\/p>\n<p>Fachmann im Finanz- und Rechnungswesen mit eidg. Fachausweis<\/p>\n<p class=\"vc_custom_heading\"><a href=\"mailto:gueney.apaydin@avisora.ch\">gueney.apaydin@avisora.ch<\/a><br \/>\n<a href=\"tel:+41445410191\">044 541 01 91<\/a><\/p>\n<\/div><ul class=\"get_social\"><li class=\"inline-block m-1\"><a href=\"https:\/\/ch.linkedin.com\/in\/g%C3%BCney-apaydin-3a74b2158\" class=\"linkedin flex items-center justify-center w-8 h-8\" target=\"_blank\" title=\"Follow on LinkedIn\"><i class=\"fa fa-linkedin\"><\/i><\/a><\/li><\/ul><\/div><\/div>[\/vc_column][vc_column width=&#8220;1\/2&#8243;]<style type=\"text\/css\" scoped=\"scoped\">.tm_scope_2.team_member .team_image .overlay_effect{background-color:#000000;}.tm_scope_2.team_member .team_image .overlay_effect i{color:#ffffff;}.tm_scope_2.team_member:hover .team_image .overlay_effect{opacity:0.6;}.tm_scope_2 .team_description {background-color:rgba(255,255,255,0.01);padding-left:;padding-right:;}.tm_scope_2 .team_name {color:#075791;}.tm_scope_2 .position {color:#a0a0a0;}.tm_scope_2 .team_content {border-top-color:#efefef;color:#494949;}.tm_scope_2 .get_social a {background-color:rgba(255,255,255,0.01);color:#383838;}<\/style><div class=\"team_member mb-10 relative group emp_default tm_scope_2  \" ><div class=\"team_image relative  rounded-full overflow-hidden\"><img loading=\"lazy\" decoding=\"async\" width=\"1166\" height=\"1181\" src=\"https:\/\/www.avisora.ch\/treuhand\/wp-content\/uploads\/2025\/01\/DSC_0236-e1737364548942.jpg\" class=\"w-full h-auto attachment-full\" alt=\"\" title=\"DSC_0236\" srcset=\"https:\/\/www.avisora.ch\/treuhand\/wp-content\/uploads\/2025\/01\/DSC_0236-e1737364548942.jpg 1166w, https:\/\/www.avisora.ch\/treuhand\/wp-content\/uploads\/2025\/01\/DSC_0236-e1737364548942-296x300.jpg 296w, https:\/\/www.avisora.ch\/treuhand\/wp-content\/uploads\/2025\/01\/DSC_0236-e1737364548942-1011x1024.jpg 1011w, https:\/\/www.avisora.ch\/treuhand\/wp-content\/uploads\/2025\/01\/DSC_0236-e1737364548942-768x778.jpg 768w, https:\/\/www.avisora.ch\/treuhand\/wp-content\/uploads\/2025\/01\/DSC_0236-e1737364548942-90x90.jpg 90w\" sizes=\"auto, (max-width: 1166px) 100vw, 1166px\" \/><\/div><div class=\"team_description text-center p-5 bg-white text-gray-600  border-gray-200 border-t-0\"><div class=\"team_name mb-2 text-base text-gray-700 font-semibold uppercase\">Cihan Apaydin<\/div><div class=\"position text-sm font-normal leading-normal uppercase text-gray-600\">Leiter Lohnbuchkontrolle<\/div><div class=\"team_content pt-4 mt-4 mb-4 border-t border-gray-200\">Sozialversicherungsfachmann mit eidg. Fachausweis<\/p>\n<p class=\"vc_custom_heading\"><a href=\"mailto:cihan.apaydin@avisora.ch\">cihan.apaydin@avisora.ch<\/a><br \/>\n<a href=\"tel:+41445410192\">044 541 01 92<\/a><\/p>\n<\/div><ul class=\"get_social\"><\/ul><\/div><\/div>[\/vc_column][\/vc_row][vc_row css=&#8220;.vc_custom_1758533957504{padding-top: 5% !important;padding-right: 5% !important;padding-bottom: 5% !important;padding-left: 5% !important;}&#8220;][vc_column][vc_custom_heading text=&#8220;Talenten bieten wir echte Chancen \u2013 insbesondere durch gezielte Weiterbildung (on- und off-the-job) sowie durch klare Karrierem\u00f6glichkeiten. Wir freuen uns auf Ihre Spontanbewerbung, welche Sie uns gerne an bewerbung@avisora.ch zustellen d\u00fcrfen.&#8220; font_container=&#8220;tag:p|font_size:18|text_align:center|color:%23000000&#8243; use_theme_fonts=&#8220;yes&#8220; css=&#8220;&#8220;][\/vc_column][\/vc_row][vc_row css=&#8220;.vc_custom_1541957817582{padding-top: 5% !important;}&#8220;][vc_column][\/vc_column][\/vc_row][vc_row css=&#8220;.vc_custom_1541957817582{padding-top: 5% !important;}&#8220;][vc_column][\/vc_column][\/vc_row][vc_row css=&#8220;.vc_custom_1544017891654{padding-top: 8% !important;padding-bottom: 8% !important;background-color: #ebf0f5 !important;}&#8220;][vc_column width=&#8220;1\/6&#8243;][\/vc_column][vc_column width=&#8220;2\/3&#8243; el_id=&#8220;kontaktformular&#8220;]<div class=\"product_feature prod_feature_counter_1  flex  mb-4\" ><style type=\"text\/css\" scoped=\"scoped\">.product_feature.prod_feature_counter_1 .pf_icon i {background-color: #ebf0f5; box-sizing: content-box; padding: 5px;}.product_feature.prod_feature_counter_1 .pf_icon i {color: #075791;display: block; text-align:center;font-size: 40px;width: 55px;height: 55px;line-height: 55px;}.product_feature.prod_feature_counter_1 .pf_content h4 {color: #3f3f3f;font-size: px;font-weight: ;line-height: ;margin-top: ;margin-bottom: ;}.product_feature.prod_feature_counter_1 .pf_content .pf_description {font-size: 18px;line-height: 26px;color: #4c4c4c;}<\/style><div class=\"pf_icon flex-none mb-6 mr-4\"><i class=\"fa fa-envelope inline-block text-center rounded-full\"><\/i><\/div><div class=\"pf_content\"><div class=\"pf_description\">Wir freuen uns \u00fcber Ihre Nachricht.<br \/>\nHinterlassen Sie uns Ihre Daten und wir melden uns innert Tagesfrist.<\/div><\/div><\/div>[vc_separator style=&#8220;blank&#8220; padding_top=&#8220;20&#8243; padding_bottom=&#8220;20&#8243;]<div class=\"creativo_cf7 cf_scope_2 full_width none\"><style type=\"text\/css\" scoped=\"scoped\">.creativo_cf7.cf_scope_2{padding:0px;border-radius:0px;background-color:;width:100%;margin:0 auto;}.cf_scope_2 input,\r\n\t\t\t\t\t\t\t\t.cf_scope_2 textarea,\r\n\t\t\t\t\t\t\t\t.cf_scope_2 select {padding:10px;}.cf_scope_2 .wpcf7 {color:#4c4c4c;font-size:18px;}.cf_scope_2 input:not([type=\"submit\"]), .cf_scope_2 textarea, .cf_scope_2 select {font-size:18px; line-height: normal;background-color:rgba(255,255,255,0.01);border-width:2px;border-radius:0px;border-color:#cccccc;color:#cccccc;}.cf_scope_2 input:focus, .cf_scope_2 select:focus, .cf_scope_2 select:hover, .cf_scope_2 textarea:focus, .cf_scope_2 input:not([type=\"submit\"]):hover, .cf_scope_2 textarea:hover{background-color:rgba(255,255,255,0.75);border-color:#cccccc;color:#555555;}.cf_scope_2 textarea {height:150px;}.cf_scope_2 .wpcf7-submit, .cf_scope_2 .wpcf7-submit:focus {border: 1px solid #ccc;background-color:#075791;border-color:#075791;color:#ffffff;font-size:15px;font-weight:400;padding-top:10px;padding-bottom:10px;margin-top:10px; margin-right: 0; margin-bottom:0;text-align: left;line-height: 26px;border-radius:0px;padding-left:20px;padding-right:20px;transition: all 0.2s ease-in-out; -webkit-transition: all 0.2s ease-in-out;}.cf_scope_2 .wpcf7-submit:hover {background-color:#075791;border-color:#075791;color:#ffffff;}@media (max-width: 640px) {.creativo_cf7.cf_scope_2 {width: 100%;}}<\/style>\n<div class=\"wpcf7 no-js\" id=\"wpcf7-f3144-o2\" lang=\"en-US\" dir=\"ltr\" data-wpcf7-id=\"3144\">\n<div class=\"screen-reader-response\"><p role=\"status\" aria-live=\"polite\" aria-atomic=\"true\"><\/p> <ul><\/ul><\/div>\n<form action=\"\/treuhand\/wp-json\/wp\/v2\/pages\/4405#wpcf7-f3144-o2\" method=\"post\" class=\"wpcf7-form init\" aria-label=\"Contact form\" novalidate=\"novalidate\" data-status=\"init\">\n<div style=\"display: none;\">\n<input type=\"hidden\" name=\"_wpcf7\" value=\"3144\" \/>\n<input type=\"hidden\" name=\"_wpcf7_version\" value=\"6.0.5\" \/>\n<input type=\"hidden\" name=\"_wpcf7_locale\" value=\"en_US\" \/>\n<input type=\"hidden\" name=\"_wpcf7_unit_tag\" value=\"wpcf7-f3144-o2\" \/>\n<input type=\"hidden\" name=\"_wpcf7_container_post\" value=\"0\" \/>\n<input type=\"hidden\" name=\"_wpcf7_posted_data_hash\" value=\"\" \/>\n<input type=\"hidden\" name=\"_wpcf7_recaptcha_response\" value=\"\" \/>\n<\/div>\n<p><label> Ihr Name<br \/>\n<span class=\"wpcf7-form-control-wrap\" data-name=\"Ihr-Name\"><input size=\"40\" maxlength=\"400\" class=\"wpcf7-form-control wpcf7-text wpcf7-validates-as-required\" aria-required=\"true\" aria-invalid=\"false\" value=\"\" type=\"text\" name=\"Ihr-Name\" \/><\/span> <\/label>\n<\/p>\n<p><label> Ihre E-Mail-Adresse<br \/>\n<span class=\"wpcf7-form-control-wrap\" data-name=\"Ihre-E-Mail\"><input size=\"40\" maxlength=\"400\" class=\"wpcf7-form-control wpcf7-email wpcf7-validates-as-required wpcf7-text wpcf7-validates-as-email\" aria-required=\"true\" aria-invalid=\"false\" value=\"\" type=\"email\" name=\"Ihre-E-Mail\" \/><\/span> <\/label>\n<\/p>\n<p><label> Ihre Telefonnummer<br \/>\n<span class=\"wpcf7-form-control-wrap\" data-name=\"Ihre-Telefonnummer\"><input size=\"40\" maxlength=\"400\" class=\"wpcf7-form-control wpcf7-tel wpcf7-text wpcf7-validates-as-tel\" aria-invalid=\"false\" value=\"\" type=\"tel\" name=\"Ihre-Telefonnummer\" \/><\/span> <\/label>\n<\/p>\n<p><label> Ihre Mitteilung<br \/>\n<span class=\"wpcf7-form-control-wrap\" data-name=\"Ihre-Mitteilung\"><textarea cols=\"40\" rows=\"10\" maxlength=\"2000\" class=\"wpcf7-form-control wpcf7-textarea wpcf7-validates-as-required\" aria-required=\"true\" aria-invalid=\"false\" name=\"Ihre-Mitteilung\"><\/textarea><\/span> <\/label>\n<\/p>\n<p><input class=\"wpcf7-form-control wpcf7-submit has-spinner\" type=\"submit\" value=\"Senden\" \/>\n<\/p><div class=\"wpcf7-response-output\" aria-hidden=\"true\"><\/div>\n<\/form>\n<\/div>\n<\/div>[\/vc_column][vc_column width=&#8220;1\/6&#8243;][\/vc_column][\/vc_row]\n<\/div>","protected":false},"excerpt":{"rendered":"<p>[vc_row eq_height=&#8220;yes&#8220; content_placement=&#8220;middle&#8220; css=&#8220;.vc_custom_1545385146522{padding-top: 15% !important;padding-bottom: 15% !important;background: #fafafa url(https:\/\/www.avisora.ch\/treuhand\/wp-content\/uploads\/2018\/12\/startups_header_leicht.jpg?id=4461) !important;background-position: center !important;background-repeat: no-repeat !important;background-size: cover !important;}&#8220;][vc_column][vc_custom_heading text=&#8220;\u00dcber uns&#8220; font_container=&#8220;tag:h2|font_size:40px|text_align:center|color:%233f3f3f|line_height:1.3&#8243; use_theme_fonts=&#8220;yes&#8220; css=&#8220;.vc_custom_1546089556497{padding-bottom: 20px !important;}&#8220; el_class=&#8220;font_weight_300&#8243;][vc_custom_heading text=&#8220;&#8222;Wer aufh\u00f6rt, besser zu werden, hat aufgeh\u00f6rt, gut zu sein.&#8222; Philip Rosenthal&#8220; font_container=&#8220;tag:p|font_size:17px|text_align:center|color:%234c4c4c&#8220; use_theme_fonts=&#8220;yes&#8220; css=&#8220;.vc_custom_1546091951986{padding-bottom: 20px !important;}&#8220;][vc_button title=&#8220;Unverbindliche Offerte anfordern&#8220; shape=&#8220;rounded&#8220; color=&#8220;custom&#8220; custom_font_size=&#8220;12px&#8220; custom_font_weight=&#8220;600&#8243; custom_color=&#8220;#075791&#8243; custom_border_color=&#8220;#075791&#8243; custom_color_hover=&#8220;#075791&#8243; custom_border_color_hover=&#8220;#075791&#8243; href=&#8220;https:\/\/www.avisora.ch\/treuhand\/ueber-uns\/#kontaktformular&#8220;][vc_button title=&#8220;R\u00fcckruf&#8230;<\/p>\n","protected":false},"author":1,"featured_media":0,"parent":0,"menu_order":0,"comment_status":"closed","ping_status":"closed","template":"page-full.php","meta":{"footnotes":""},"class_list":["post-4405","page","type-page","status-publish","hentry"],"_links":{"self":[{"href":"https:\/\/www.avisora.ch\/treuhand\/wp-json\/wp\/v2\/pages\/4405","targetHints":{"allow":["GET"]}}],"collection":[{"href":"https:\/\/www.avisora.ch\/treuhand\/wp-json\/wp\/v2\/pages"}],"about":[{"href":"https:\/\/www.avisora.ch\/treuhand\/wp-json\/wp\/v2\/types\/page"}],"author":[{"embeddable":true,"href":"https:\/\/www.avisora.ch\/treuhand\/wp-json\/wp\/v2\/users\/1"}],"replies":[{"embeddable":true,"href":"https:\/\/www.avisora.ch\/treuhand\/wp-json\/wp\/v2\/comments?post=4405"}],"version-history":[{"count":186,"href":"https:\/\/www.avisora.ch\/treuhand\/wp-json\/wp\/v2\/pages\/4405\/revisions"}],"predecessor-version":[{"id":5038,"href":"https:\/\/www.avisora.ch\/treuhand\/wp-json\/wp\/v2\/pages\/4405\/revisions\/5038"}],"wp:attachment":[{"href":"https:\/\/www.avisora.ch\/treuhand\/wp-json\/wp\/v2\/media?parent=4405"}],"curies":[{"name":"wp","href":"https:\/\/api.w.org\/{rel}","templated":true}]}}