{"id":4468,"date":"2018-12-21T10:05:31","date_gmt":"2018-12-21T10:05:31","guid":{"rendered":"https:\/\/www.avisora.ch\/treuhand\/?page_id=4468"},"modified":"2025-06-23T11:09:29","modified_gmt":"2025-06-23T10:09:29","slug":"treuhaender-fuer-privatpersonen","status":"publish","type":"page","link":"https:\/\/www.avisora.ch\/treuhand\/treuhaender-fuer-privatpersonen\/","title":{"rendered":"Treuhand f\u00fcr Privatpersonen"},"content":{"rendered":"<div class=\"wpb-content-wrapper\">[vc_row eq_height=&#8220;yes&#8220; content_placement=&#8220;middle&#8220; css=&#8220;.vc_custom_1546101611914{padding-top: 15% !important;padding-bottom: 15% !important;background: #fafafa url(https:\/\/www.avisora.ch\/treuhand\/wp-content\/uploads\/2018\/12\/startups_header_leicht.jpg?id=4461) !important;background-position: center !important;background-repeat: no-repeat !important;background-size: cover !important;}&#8220;][vc_column 0=&#8220;&#8220;][vc_custom_heading text=&#8220;Unsere Dienstleistungen f\u00fcr Privatpersonen&#8220; font_container=&#8220;tag:h2|font_size:40px|text_align:center|color:%233f3f3f|line_height:1.3&#8243; use_theme_fonts=&#8220;yes&#8220; css=&#8220;.vc_custom_1545385774209{padding-bottom: 20px !important;}&#8220; el_class=&#8220;font_weight_300&#8243;][vc_custom_heading text=&#8220;&#8222;Das einzige, was einem Geld bringt ist die Freiheit, sich keine Sorgen um Geld machen zu m\u00fcssen.&#8222; Johnny Carson&#8220; font_container=&#8220;tag:p|font_size:17px|text_align:center|color:%234c4c4c&#8220; use_theme_fonts=&#8220;yes&#8220; css=&#8220;.vc_custom_1545386952736{padding-bottom: 20px !important;}&#8220;][vc_button title=&#8220;Unverbindliche Offerte anfordern&#8220; shape=&#8220;rounded&#8220; color=&#8220;custom&#8220; custom_font_size=&#8220;12px&#8220; custom_font_weight=&#8220;600&#8243; custom_color=&#8220;#075791&#8243; custom_border_color=&#8220;#075791&#8243; custom_color_hover=&#8220;#075791&#8243; custom_border_color_hover=&#8220;#075791&#8243; href=&#8220;https:\/\/www.avisora.ch\/treuhand\/treuhaender-fuer-privatpersonen\/#kontaktformular&#8220;][vc_button title=&#8220;R\u00fcckruf anfordern&#8220; shape=&#8220;rounded&#8220; color=&#8220;custom&#8220; custom_font_size=&#8220;12px&#8220; custom_font_weight=&#8220;600&#8243; custom_color=&#8220;#075791&#8243; custom_border_color=&#8220;#075791&#8243; custom_color_hover=&#8220;#075791&#8243; custom_border_color_hover=&#8220;#075791&#8243; href=&#8220;https:\/\/www.avisora.ch\/treuhand\/treuhaender-fuer-privatpersonen\/#rueckruf&#8220;][\/vc_column][\/vc_row][vc_row css=&#8220;.vc_custom_1541957817582{padding-top: 5% !important;}&#8220;][vc_column width=&#8220;1\/2&#8243;][vc_custom_heading text=&#8220;Steuern&#8220; font_container=&#8220;tag:h2|font_size:30|text_align:left|color:%233f3f3f&#8220; use_theme_fonts=&#8220;yes&#8220; el_id=&#8220;steuern&#8220;][vc_custom_heading text=&#8220;Ihre Steuerexperten in Oerlikon. Verlassen Sie sich auf unseren Service und entlasten Sie sich dabei selbst von der j\u00e4hrlichen Verpflichtung zur Erstellung der Steuererkl\u00e4rung. Den Transfer Ihrer Unterlagen k\u00f6nnen Sie bequem online oder auf traditionellem Wege per Post vornehmen. Den Rest erledigen wir. Ausserdem zeigen wir Ihnen auf, wo Sie gesetzlich zul\u00e4ssige Abz\u00fcge in Ihrer Lebenslage vornehmen k\u00f6nnen und wie Sie sich steueroptimal auf Ihre zuk\u00fcnftigen Lebensweichen vorbereiten.&#8220; font_container=&#8220;tag:p|font_size:18|text_align:left|color:%234c4c4c|line_height:1.5&#8243; use_theme_fonts=&#8220;yes&#8220; css=&#8220;&#8220;][\/vc_column][vc_column width=&#8220;1\/2&#8243; css=&#8220;.vc_custom_1484698899808{padding-right: 5% !important;padding-left: 5% !important;}&#8220;][vc_column_text css=&#8220;.vc_custom_1545389772291{padding-top: 10px !important;}&#8220;]<style type=\"text\/css\" scoped=\"scoped\">.checklist_sh_1 li, .checklist_sh_1 .fontawesome_list li {font-size:14px;line-height:30px!important;color:#4c4c4c;}.checklist_sh_1 .fontawesome_list li i{color:#ffffff;background-color:#075791;padding:7px;}<\/style><div class=\"checklist_sh_1\">\n<ul class=\"fontawesome_list my-4 pl-3\">\n<li class=\"mb-1\"><i class=\"fa fa-check rounded-full mr-3\"><\/i>Erstellung der Steuererkl\u00e4rung<\/li>\n<li class=\"mb-1\"><i class=\"fa fa-check rounded-full mr-3\"><\/i>Einfacher und verst\u00e4ndlicher Frageprozess<\/li>\n<li class=\"mb-1\"><i class=\"fa fa-check rounded-full mr-3\"><\/i>Vertretung im Veranlagungsprozess<\/li>\n<li class=\"mb-1\"><i class=\"fa fa-check rounded-full mr-3\"><\/i>Fristenadministration<\/li>\n<li class=\"mb-1\"><i class=\"fa fa-check rounded-full mr-3\"><\/i>Steuerplanung<\/li>\n<li class=\"mb-1\"><i class=\"fa fa-check rounded-full mr-3\"><\/i>Ausreizen von maximal zul\u00e4ssigen Abz\u00fcgen<\/li>\n<li class=\"mb-1\"><i class=\"fa fa-check rounded-full mr-3\"><\/i>Nachtr\u00e4gliche ordentliche Veranlagung bei Quellenbesteuerung<\/li>\n<li class=\"mb-1\"><i class=\"fa fa-check rounded-full mr-3\"><\/i>Beratungsleistungen<\/li>\n<\/ul>\n<\/div>[\/vc_column_text][\/vc_column][\/vc_row][vc_row css=&#8220;.vc_custom_1543000538274{padding-top: 5% !important;background-color: #ebf0f5 !important;}&#8220;][vc_column el_id=&#8220;rueckruf&#8220;][vc_custom_heading text=&#8220;Haben Sie Fragen?&#8220; font_container=&#8220;tag:h2|font_size:30|text_align:center|color:%233f3f3f&#8220; use_theme_fonts=&#8220;yes&#8220;][vc_custom_heading text=&#8220;Wir \u00fcbernehmen f\u00fcr Sie den Anruf. Geben Sie nachfolgend Ihre Telefonnummer an und wir rufen Sie in K\u00fcrze zur\u00fcck.&#8220; font_container=&#8220;tag:p|font_size:18|text_align:center|color:%234c4c4c|line_height:1.5&#8243; use_theme_fonts=&#8220;yes&#8220;]<div class=\"creativo_cf7 cf_scope_1 full_width none\"><style type=\"text\/css\" scoped=\"scoped\">.creativo_cf7.cf_scope_1{padding:0px;border-radius:0px;background-color:;width:50%;margin:0 auto;}.cf_scope_1 input,\r\n\t\t\t\t\t\t\t\t.cf_scope_1 textarea,\r\n\t\t\t\t\t\t\t\t.cf_scope_1 select {padding:10px;}.cf_scope_1 .wpcf7 {color:#666666;font-size:18;}.cf_scope_1 input:not([type=\"submit\"]), .cf_scope_1 textarea, .cf_scope_1 select {font-size:18; line-height: normal;background-color:#ffffff;border-width:0px;border-radius:0px;border-color:#cccccc;color:#b2b2b6;}.cf_scope_1 input:focus, .cf_scope_1 select:focus, .cf_scope_1 select:hover, .cf_scope_1 textarea:focus, .cf_scope_1 input:not([type=\"submit\"]):hover, .cf_scope_1 textarea:hover{background-color:#ffffff;border-color:#cccccc;color:#555555;}.cf_scope_1 textarea {height:18px;}.cf_scope_1 .wpcf7-submit, .cf_scope_1 .wpcf7-submit:focus {border: 1px solid #ccc;background-color:#075791;border-color:#075791;color:#ffffff;font-size:18px;font-weight:600;padding-top:10px;padding-bottom:10px;margin-top:10px; margin-right: 0; margin-bottom:0;text-align: left;line-height: 26px;border-radius:0px;padding-left:12px;padding-right:12px;position: absolute; right: 0; margin:0; top:0;transition: all 0.2s ease-in-out; -webkit-transition: all 0.2s ease-in-out;}.cf_scope_1 .wpcf7-submit:hover {background-color:#075791;border-color:#075791;color:#ffffff;}@media (max-width: 640px) {.creativo_cf7.cf_scope_1 {width: 100%;}}<\/style>\n<div class=\"wpcf7 no-js\" id=\"wpcf7-f4331-o1\" lang=\"en-US\" dir=\"ltr\" data-wpcf7-id=\"4331\">\n<div class=\"screen-reader-response\"><p role=\"status\" aria-live=\"polite\" aria-atomic=\"true\"><\/p> <ul><\/ul><\/div>\n<form action=\"\/treuhand\/wp-json\/wp\/v2\/pages\/4468#wpcf7-f4331-o1\" method=\"post\" class=\"wpcf7-form init\" aria-label=\"Contact form\" novalidate=\"novalidate\" data-status=\"init\">\n<div style=\"display: none;\">\n<input type=\"hidden\" name=\"_wpcf7\" value=\"4331\" \/>\n<input type=\"hidden\" name=\"_wpcf7_version\" value=\"6.0.5\" \/>\n<input type=\"hidden\" name=\"_wpcf7_locale\" value=\"en_US\" \/>\n<input type=\"hidden\" name=\"_wpcf7_unit_tag\" value=\"wpcf7-f4331-o1\" \/>\n<input type=\"hidden\" name=\"_wpcf7_container_post\" value=\"0\" \/>\n<input type=\"hidden\" name=\"_wpcf7_posted_data_hash\" value=\"\" \/>\n<input type=\"hidden\" name=\"_wpcf7_recaptcha_response\" value=\"\" \/>\n<\/div>\n<p><label><span class=\"wpcf7-form-control-wrap\" data-name=\"Ihre-Telefonnummer\"><input size=\"40\" maxlength=\"400\" class=\"wpcf7-form-control wpcf7-tel wpcf7-validates-as-required wpcf7-text wpcf7-validates-as-tel\" aria-required=\"true\" aria-invalid=\"false\" placeholder=\"Ihre Telefonnummer\" value=\"\" type=\"tel\" name=\"Ihre-Telefonnummer\" \/><\/span> <\/label>\n<\/p>\n<p><input class=\"wpcf7-form-control wpcf7-submit has-spinner\" type=\"submit\" value=\"Senden\" \/>\n<\/p><div class=\"wpcf7-response-output\" aria-hidden=\"true\"><\/div>\n<\/form>\n<\/div>\n<\/div><div class=\"separator-wrap-1\"><style type=\"text\/css\" scoped=\"scoped\">.separator-wrap-1 .separator-el {padding-top: 20px;padding-bottom: 40px;}.separator-wrap-1 .separator-el .line{}.separator-wrap-1 .line, .separator-wrap-1 .separator-el-left, .separator-wrap-1 .separator-el-right {background-color:#444444;}<\/style><div class=\"separator-el relative \"><div class=\"line w-10 h-1 bg-gray-700 mx-auto \"><\/div><\/div><\/div>[\/vc_column][\/vc_row][vc_row css=&#8220;.vc_custom_1544017891654{padding-top: 8% !important;padding-bottom: 8% !important;background-color: #ebf0f5 !important;}&#8220;][vc_column width=&#8220;1\/6&#8243;][\/vc_column][vc_column width=&#8220;2\/3&#8243; el_id=&#8220;kontaktformular&#8220;]<div class=\"product_feature prod_feature_counter_1  flex  mb-4\" ><style type=\"text\/css\" scoped=\"scoped\">.product_feature.prod_feature_counter_1 .pf_icon i {background-color: #ebf0f5; box-sizing: content-box; padding: 5px;}.product_feature.prod_feature_counter_1 .pf_icon i {color: #075791;display: block; text-align:center;font-size: 40px;width: 55px;height: 55px;line-height: 55px;}.product_feature.prod_feature_counter_1 .pf_content h4 {color: #3f3f3f;font-size: px;font-weight: ;line-height: ;margin-top: ;margin-bottom: ;}.product_feature.prod_feature_counter_1 .pf_content .pf_description {font-size: 18px;line-height: 26px;color: #4c4c4c;}<\/style><div class=\"pf_icon flex-none mb-6 mr-4\"><i class=\"fa fa-envelope inline-block text-center rounded-full\"><\/i><\/div><div class=\"pf_content\"><div class=\"pf_description\">Wir freuen uns \u00fcber Ihre Nachricht.<br \/>\nHinterlassen Sie uns Ihre Daten und wir melden uns innert Tagesfrist.<\/div><\/div><\/div>[vc_separator style=&#8220;blank&#8220; padding_top=&#8220;20&#8243; padding_bottom=&#8220;20&#8243;]<div class=\"creativo_cf7 cf_scope_2 full_width none\"><style type=\"text\/css\" scoped=\"scoped\">.creativo_cf7.cf_scope_2{padding:0px;border-radius:0px;background-color:;width:100%;margin:0 auto;}.cf_scope_2 input,\r\n\t\t\t\t\t\t\t\t.cf_scope_2 textarea,\r\n\t\t\t\t\t\t\t\t.cf_scope_2 select {padding:10px;}.cf_scope_2 .wpcf7 {color:#4c4c4c;font-size:18px;}.cf_scope_2 input:not([type=\"submit\"]), .cf_scope_2 textarea, .cf_scope_2 select {font-size:18px; line-height: normal;background-color:rgba(255,255,255,0.01);border-width:2px;border-radius:0px;border-color:#cccccc;color:#cccccc;}.cf_scope_2 input:focus, .cf_scope_2 select:focus, .cf_scope_2 select:hover, .cf_scope_2 textarea:focus, .cf_scope_2 input:not([type=\"submit\"]):hover, .cf_scope_2 textarea:hover{background-color:rgba(255,255,255,0.75);border-color:#cccccc;color:#555555;}.cf_scope_2 textarea {height:150px;}.cf_scope_2 .wpcf7-submit, .cf_scope_2 .wpcf7-submit:focus {border: 1px solid #ccc;background-color:#075791;border-color:#075791;color:#ffffff;font-size:15px;font-weight:400;padding-top:10px;padding-bottom:10px;margin-top:10px; margin-right: 0; margin-bottom:0;text-align: left;line-height: 26px;border-radius:0px;padding-left:20px;padding-right:20px;transition: all 0.2s ease-in-out; -webkit-transition: all 0.2s ease-in-out;}.cf_scope_2 .wpcf7-submit:hover {background-color:#075791;border-color:#075791;color:#ffffff;}@media (max-width: 640px) {.creativo_cf7.cf_scope_2 {width: 100%;}}<\/style>\n<div class=\"wpcf7 no-js\" id=\"wpcf7-f3144-o2\" lang=\"en-US\" dir=\"ltr\" data-wpcf7-id=\"3144\">\n<div class=\"screen-reader-response\"><p role=\"status\" aria-live=\"polite\" aria-atomic=\"true\"><\/p> <ul><\/ul><\/div>\n<form action=\"\/treuhand\/wp-json\/wp\/v2\/pages\/4468#wpcf7-f3144-o2\" method=\"post\" class=\"wpcf7-form init\" aria-label=\"Contact form\" novalidate=\"novalidate\" data-status=\"init\">\n<div style=\"display: none;\">\n<input type=\"hidden\" name=\"_wpcf7\" value=\"3144\" \/>\n<input type=\"hidden\" name=\"_wpcf7_version\" value=\"6.0.5\" \/>\n<input type=\"hidden\" name=\"_wpcf7_locale\" value=\"en_US\" \/>\n<input type=\"hidden\" name=\"_wpcf7_unit_tag\" value=\"wpcf7-f3144-o2\" \/>\n<input type=\"hidden\" name=\"_wpcf7_container_post\" value=\"0\" \/>\n<input type=\"hidden\" name=\"_wpcf7_posted_data_hash\" value=\"\" \/>\n<input type=\"hidden\" name=\"_wpcf7_recaptcha_response\" value=\"\" \/>\n<\/div>\n<p><label> Ihr Name<br \/>\n<span class=\"wpcf7-form-control-wrap\" data-name=\"Ihr-Name\"><input size=\"40\" maxlength=\"400\" class=\"wpcf7-form-control wpcf7-text wpcf7-validates-as-required\" aria-required=\"true\" aria-invalid=\"false\" value=\"\" type=\"text\" name=\"Ihr-Name\" \/><\/span> <\/label>\n<\/p>\n<p><label> Ihre E-Mail-Adresse<br \/>\n<span class=\"wpcf7-form-control-wrap\" data-name=\"Ihre-E-Mail\"><input size=\"40\" maxlength=\"400\" class=\"wpcf7-form-control wpcf7-email wpcf7-validates-as-required wpcf7-text wpcf7-validates-as-email\" aria-required=\"true\" aria-invalid=\"false\" value=\"\" type=\"email\" name=\"Ihre-E-Mail\" \/><\/span> <\/label>\n<\/p>\n<p><label> Ihre Telefonnummer<br \/>\n<span class=\"wpcf7-form-control-wrap\" data-name=\"Ihre-Telefonnummer\"><input size=\"40\" maxlength=\"400\" class=\"wpcf7-form-control wpcf7-tel wpcf7-text wpcf7-validates-as-tel\" aria-invalid=\"false\" value=\"\" type=\"tel\" name=\"Ihre-Telefonnummer\" \/><\/span> <\/label>\n<\/p>\n<p><label> Ihre Mitteilung<br \/>\n<span class=\"wpcf7-form-control-wrap\" data-name=\"Ihre-Mitteilung\"><textarea cols=\"40\" rows=\"10\" maxlength=\"2000\" class=\"wpcf7-form-control wpcf7-textarea wpcf7-validates-as-required\" aria-required=\"true\" aria-invalid=\"false\" name=\"Ihre-Mitteilung\"><\/textarea><\/span> <\/label>\n<\/p>\n<p><input class=\"wpcf7-form-control wpcf7-submit has-spinner\" type=\"submit\" value=\"Senden\" \/>\n<\/p><div class=\"wpcf7-response-output\" aria-hidden=\"true\"><\/div>\n<\/form>\n<\/div>\n<\/div>[\/vc_column][vc_column width=&#8220;1\/6&#8243;][\/vc_column][\/vc_row]\n<\/div>","protected":false},"excerpt":{"rendered":"<p>[vc_row eq_height=&#8220;yes&#8220; content_placement=&#8220;middle&#8220; css=&#8220;.vc_custom_1546101611914{padding-top: 15% !important;padding-bottom: 15% !important;background: #fafafa url(https:\/\/www.avisora.ch\/treuhand\/wp-content\/uploads\/2018\/12\/startups_header_leicht.jpg?id=4461) !important;background-position: center !important;background-repeat: no-repeat !important;background-size: cover !important;}&#8220;][vc_column 0=&#8220;&#8220;][vc_custom_heading text=&#8220;Unsere Dienstleistungen f\u00fcr Privatpersonen&#8220; font_container=&#8220;tag:h2|font_size:40px|text_align:center|color:%233f3f3f|line_height:1.3&#8243; use_theme_fonts=&#8220;yes&#8220; css=&#8220;.vc_custom_1545385774209{padding-bottom: 20px !important;}&#8220; el_class=&#8220;font_weight_300&#8243;][vc_custom_heading text=&#8220;&#8222;Das einzige, was einem Geld bringt ist die Freiheit, sich keine Sorgen um Geld machen zu m\u00fcssen.&#8222; Johnny Carson&#8220; font_container=&#8220;tag:p|font_size:17px|text_align:center|color:%234c4c4c&#8220; use_theme_fonts=&#8220;yes&#8220; css=&#8220;.vc_custom_1545386952736{padding-bottom: 20px !important;}&#8220;][vc_button title=&#8220;Unverbindliche Offerte anfordern&#8220;&#8230;<\/p>\n","protected":false},"author":1,"featured_media":0,"parent":0,"menu_order":0,"comment_status":"closed","ping_status":"closed","template":"page-full.php","meta":{"footnotes":""},"class_list":["post-4468","page","type-page","status-publish","hentry"],"_links":{"self":[{"href":"https:\/\/www.avisora.ch\/treuhand\/wp-json\/wp\/v2\/pages\/4468","targetHints":{"allow":["GET"]}}],"collection":[{"href":"https:\/\/www.avisora.ch\/treuhand\/wp-json\/wp\/v2\/pages"}],"about":[{"href":"https:\/\/www.avisora.ch\/treuhand\/wp-json\/wp\/v2\/types\/page"}],"author":[{"embeddable":true,"href":"https:\/\/www.avisora.ch\/treuhand\/wp-json\/wp\/v2\/users\/1"}],"replies":[{"embeddable":true,"href":"https:\/\/www.avisora.ch\/treuhand\/wp-json\/wp\/v2\/comments?post=4468"}],"version-history":[{"count":26,"href":"https:\/\/www.avisora.ch\/treuhand\/wp-json\/wp\/v2\/pages\/4468\/revisions"}],"predecessor-version":[{"id":4985,"href":"https:\/\/www.avisora.ch\/treuhand\/wp-json\/wp\/v2\/pages\/4468\/revisions\/4985"}],"wp:attachment":[{"href":"https:\/\/www.avisora.ch\/treuhand\/wp-json\/wp\/v2\/media?parent=4468"}],"curies":[{"name":"wp","href":"https:\/\/api.w.org\/{rel}","templated":true}]}}